{"id":16,"date":"2024-06-06T18:34:01","date_gmt":"2024-06-06T18:34:01","guid":{"rendered":"https:\/\/kohviklemmik.ee\/?page_id=16"},"modified":"2024-06-09T09:25:03","modified_gmt":"2024-06-09T09:25:03","slug":"projekt","status":"publish","type":"page","link":"https:\/\/kohviklemmik.ee\/et\/projekt\/","title":{"rendered":"Projektid"},"content":{"rendered":"<p><img decoding=\"async\" class=\"alignnone wp-image-51 size-large\" src=\"https:\/\/kohviklemmik.ee\/wp-content\/uploads\/2024\/06\/leader-3829631476-1024x370.jpg\" alt=\"\" width=\"1024\" height=\"370\" srcset=\"https:\/\/kohviklemmik.ee\/wp-content\/uploads\/2024\/06\/leader-3829631476-200x72.jpg 200w, https:\/\/kohviklemmik.ee\/wp-content\/uploads\/2024\/06\/leader-3829631476-300x108.jpg 300w, https:\/\/kohviklemmik.ee\/wp-content\/uploads\/2024\/06\/leader-3829631476-400x145.jpg 400w, https:\/\/kohviklemmik.ee\/wp-content\/uploads\/2024\/06\/leader-3829631476-600x217.jpg 600w, https:\/\/kohviklemmik.ee\/wp-content\/uploads\/2024\/06\/leader-3829631476-768x277.jpg 768w, https:\/\/kohviklemmik.ee\/wp-content\/uploads\/2024\/06\/leader-3829631476-800x289.jpg 800w, https:\/\/kohviklemmik.ee\/wp-content\/uploads\/2024\/06\/leader-3829631476-1024x370.jpg 1024w, https:\/\/kohviklemmik.ee\/wp-content\/uploads\/2024\/06\/leader-3829631476-1200x434.jpg 1200w, https:\/\/kohviklemmik.ee\/wp-content\/uploads\/2024\/06\/leader-3829631476.jpg 1395w\" sizes=\"(max-width: 1024px) 100vw, 1024px\" \/><\/p>\n<p><span style=\"font-size: 14pt; font-family: arial, helvetica, sans-serif;\"><strong>2018-2022 ellu viidud Leader\u00a0 projekt<\/strong><\/span><\/p>\n<ol>\n<li><span style=\"font-size: 14pt; font-family: arial, helvetica, sans-serif;\"><strong>Projekti nimi: Kohviku Lemmik disaini uuendamine<\/strong><\/span><\/li>\n<li><span style=\"font-size: 14pt; font-family: arial, helvetica, sans-serif;\"><strong>Projekti eesm\u00e4rk<\/strong>: kohviku laiendatud ruumides m\u00f6\u00f6bli ja disaini uuendamine ning restorani tasemel teenuste pakkumine.<\/span><\/li>\n<li><span style=\"font-size: 14pt; font-family: arial, helvetica, sans-serif;\"><strong>Projekti tulemus:\u00a0<\/strong>klientide jaoks on kujundatud j\u00e4rgmised ruumid: tambur, hall, 2 garderoobi, invaWC ja 2 tualettruumi, suitsetamisruum, baar, suur saal esinemislavaga, l\u00fckandustega eraldatud terrass.<\/span><\/li>\n<\/ol>\n<p><span style=\"font-size: 14pt; font-family: arial, helvetica, sans-serif;\"><strong>Leader-projekt: Kohviku Lemmik disaini uuendamine<\/strong><\/span><\/p>\n<p><span style=\"font-size: 14pt; font-family: arial, helvetica, sans-serif;\">Rakendusperiood: 2020-2021<\/span><\/p>\n<p><span style=\"font-size: 14pt; font-family: arial, helvetica, sans-serif;\">Projekti maksumus: 131\u00a0558,08 EUR<\/span><\/p>\n<p><span style=\"font-size: 14pt; font-family: arial, helvetica, sans-serif;\">toetussumma: \u00a071\u00a0251,83 EUR<\/span><\/p>\n<p><span style=\"font-size: 14pt; font-family: arial, helvetica, sans-serif;\">omafinantseering: 60 306,25 EUR<\/span><\/p>\n<p><span style=\"font-size: 14pt; font-family: arial, helvetica, sans-serif;\">Tarnija: O\u00dc Landservis<\/span><\/p>\n<p><span style=\"font-size: 14pt; font-family: arial, helvetica, sans-serif;\">Ehitaja: Teiwaz Group O\u00dc<\/span><\/p>\n<p><span style=\"font-size: 14pt; font-family: arial, helvetica, sans-serif;\">Projekti eesm\u00e4rk: kohviku ruumide laiendamine, m\u00f6\u00f6bli ja disaini uuendamine ning restorani tasemel teenuste pakkumine.<\/span><\/p>\n<p><span style=\"font-size: 14pt; font-family: arial, helvetica, sans-serif;\">Projekti tulemus: \u00a01) turistid ja kohalikud elanikud saavad suurema valiku teenuseid, sest teenindama hakatakse kahes saalis 2) restoranil on kaasaegne v\u00e4rske disain 3) men\u00fc\u00fc muutub rikkalikumaks, suurem valik kohalikke toite.<\/span><\/p>\n<p><span style=\"font-size: 14pt; font-family: arial, helvetica, sans-serif;\"><img decoding=\"async\" class=\"alignnone wp-image-51 size-large\" src=\"https:\/\/kohviklemmik.ee\/wp-content\/uploads\/2024\/06\/leader-3829631476-1024x370.jpg\" alt=\"\" width=\"1024\" height=\"370\" srcset=\"https:\/\/kohviklemmik.ee\/wp-content\/uploads\/2024\/06\/leader-3829631476-200x72.jpg 200w, https:\/\/kohviklemmik.ee\/wp-content\/uploads\/2024\/06\/leader-3829631476-300x108.jpg 300w, https:\/\/kohviklemmik.ee\/wp-content\/uploads\/2024\/06\/leader-3829631476-400x145.jpg 400w, https:\/\/kohviklemmik.ee\/wp-content\/uploads\/2024\/06\/leader-3829631476-600x217.jpg 600w, https:\/\/kohviklemmik.ee\/wp-content\/uploads\/2024\/06\/leader-3829631476-768x277.jpg 768w, https:\/\/kohviklemmik.ee\/wp-content\/uploads\/2024\/06\/leader-3829631476-800x289.jpg 800w, https:\/\/kohviklemmik.ee\/wp-content\/uploads\/2024\/06\/leader-3829631476-1024x370.jpg 1024w, https:\/\/kohviklemmik.ee\/wp-content\/uploads\/2024\/06\/leader-3829631476-1200x434.jpg 1200w, https:\/\/kohviklemmik.ee\/wp-content\/uploads\/2024\/06\/leader-3829631476.jpg 1395w\" sizes=\"(max-width: 1024px) 100vw, 1024px\" \/><\/span><\/p>\n<ol start=\"2019\">\n<li><span style=\"font-size: 14pt; font-family: arial, helvetica, sans-serif;\"><strong> aastal ellu viidud\u00a0Leader\u00a0 projekt<\/strong><\/span><\/li>\n<li><span style=\"font-size: 14pt; font-family: arial, helvetica, sans-serif;\"><strong> Projekti nimi:\u00a0Kohvik Lemmik arendus<\/strong><\/span><\/li>\n<\/ol>\n<p><span style=\"font-size: 14pt; font-family: arial, helvetica, sans-serif;\">1.1 projekti maksumus\u00a0\u00a024156,16\u00a0EUR<\/span><\/p>\n<p><span style=\"font-size: 14pt; font-family: arial, helvetica, sans-serif;\">1.2 toetussumma\u00a014\u202f493,70\u00a0EUR<\/span><\/p>\n<p><span style=\"font-size: 14pt; font-family: arial, helvetica, sans-serif;\">1.3 omafinantseering\u00a09662,46\u00a0EUR<\/span><\/p>\n<p><span style=\"font-size: 14pt; font-family: arial, helvetica, sans-serif;\">1.4 tarnijad O\u00dc Avers Disain\u00a0ja O\u00dc Maivel<\/span><\/p>\n<p><span style=\"font-size: 14pt; font-family: arial, helvetica, sans-serif;\"><strong>Projekti eesm\u00e4rk:\u00a0<\/strong>soetatud\u00a0uued\u00a0toolid, kamin, heli-ja valgustehnika.<\/span><\/p>\n<p><span style=\"font-size: 14pt; font-family: arial, helvetica, sans-serif;\"><strong>Projekti elluviimise tulemus:\u00a0<\/strong>klientide\u00a0teenindamiseks\u00a0soetatud\u00a0inventar toetab kohviku\u00a0 arengut.<\/span><\/p>\n<p><img decoding=\"async\" class=\"alignnone wp-image-51 size-large\" src=\"https:\/\/kohviklemmik.ee\/wp-content\/uploads\/2024\/06\/leader-3829631476-1024x370.jpg\" alt=\"\" width=\"1024\" height=\"370\" srcset=\"https:\/\/kohviklemmik.ee\/wp-content\/uploads\/2024\/06\/leader-3829631476-200x72.jpg 200w, https:\/\/kohviklemmik.ee\/wp-content\/uploads\/2024\/06\/leader-3829631476-300x108.jpg 300w, https:\/\/kohviklemmik.ee\/wp-content\/uploads\/2024\/06\/leader-3829631476-400x145.jpg 400w, https:\/\/kohviklemmik.ee\/wp-content\/uploads\/2024\/06\/leader-3829631476-600x217.jpg 600w, https:\/\/kohviklemmik.ee\/wp-content\/uploads\/2024\/06\/leader-3829631476-768x277.jpg 768w, https:\/\/kohviklemmik.ee\/wp-content\/uploads\/2024\/06\/leader-3829631476-800x289.jpg 800w, https:\/\/kohviklemmik.ee\/wp-content\/uploads\/2024\/06\/leader-3829631476-1024x370.jpg 1024w, https:\/\/kohviklemmik.ee\/wp-content\/uploads\/2024\/06\/leader-3829631476-1200x434.jpg 1200w, https:\/\/kohviklemmik.ee\/wp-content\/uploads\/2024\/06\/leader-3829631476.jpg 1395w\" sizes=\"(max-width: 1024px) 100vw, 1024px\" \/><\/p>\n<ol start=\"2019\">\n<li><span style=\"font-size: 14pt; font-family: arial, helvetica, sans-serif;\"><strong> aastal ellu viidud Leader- projekt<\/strong><\/span><\/li>\n<li><span style=\"font-size: 14pt; font-family: arial, helvetica, sans-serif;\">Projekti nimi: Kohvik Lemmik arendus<\/span><br \/>\n<span style=\"font-size: 14pt; font-family: arial, helvetica, sans-serif;\">1.1 projekti maksumus 29 365,81 EUR<\/span><br \/>\n<span style=\"font-size: 14pt; font-family: arial, helvetica, sans-serif;\">1.2 toetussumma 17 619,32 EUR<\/span><br \/>\n<span style=\"font-size: 14pt; font-family: arial, helvetica, sans-serif;\">1.3 omafinantseering 11 746,32 EUR<\/span><br \/>\n<span style=\"font-size: 14pt; font-family: arial, helvetica, sans-serif;\">1.4 tarnijad: Maivel O\u00dc ja Avers Disain O\u00dc<\/span><\/li>\n<\/ol>\n<p><span style=\"font-size: 14pt; font-family: arial, helvetica, sans-serif;\">Projekti eesm\u00e4rk: uuendatud kohvik Lemmik m\u00f6\u00f6bel, heli- ja valgustehnika, paigaldatud kamin.<\/span><\/p>\n<p><span style=\"font-size: 14pt; font-family: arial, helvetica, sans-serif;\">Projekti elluviimise tulemus: saalides on uued toolid, kamin ja paigaldatud kaasaegne heli- ja valgustehnika, mis v\u00f5imaldab korraldada \u00fcritusi ning konverentse.<\/span><\/p>\n<p><span style=\"font-size: 14pt; font-family: arial, helvetica, sans-serif;\"><img decoding=\"async\" class=\"alignnone wp-image-51 size-large\" src=\"https:\/\/kohviklemmik.ee\/wp-content\/uploads\/2024\/06\/leader-3829631476-1024x370.jpg\" alt=\"\" width=\"1024\" height=\"370\" srcset=\"https:\/\/kohviklemmik.ee\/wp-content\/uploads\/2024\/06\/leader-3829631476-200x72.jpg 200w, https:\/\/kohviklemmik.ee\/wp-content\/uploads\/2024\/06\/leader-3829631476-300x108.jpg 300w, https:\/\/kohviklemmik.ee\/wp-content\/uploads\/2024\/06\/leader-3829631476-400x145.jpg 400w, https:\/\/kohviklemmik.ee\/wp-content\/uploads\/2024\/06\/leader-3829631476-600x217.jpg 600w, https:\/\/kohviklemmik.ee\/wp-content\/uploads\/2024\/06\/leader-3829631476-768x277.jpg 768w, https:\/\/kohviklemmik.ee\/wp-content\/uploads\/2024\/06\/leader-3829631476-800x289.jpg 800w, https:\/\/kohviklemmik.ee\/wp-content\/uploads\/2024\/06\/leader-3829631476-1024x370.jpg 1024w, https:\/\/kohviklemmik.ee\/wp-content\/uploads\/2024\/06\/leader-3829631476-1200x434.jpg 1200w, https:\/\/kohviklemmik.ee\/wp-content\/uploads\/2024\/06\/leader-3829631476.jpg 1395w\" sizes=\"(max-width: 1024px) 100vw, 1024px\" \/><\/span><\/p>\n<ol start=\"2017\">\n<li><span style=\"font-size: 14pt; font-family: arial, helvetica, sans-serif;\"><strong> aastal ellu viidud Leader\u00a0 projekt<\/strong><\/span><\/li>\n<\/ol>\n<ol>\n<li><span style=\"font-size: 14pt; font-family: arial, helvetica, sans-serif;\">Projekti nimi:\u00a0 Seadmete uuendamine<\/span><\/li>\n<\/ol>\n<p><span style=\"font-size: 14pt; font-family: arial, helvetica, sans-serif;\">1.1 projekti maksumus\u00a0 32 427 EUR<\/span><\/p>\n<p><span style=\"font-size: 14pt; font-family: arial, helvetica, sans-serif;\">1.2 toetussumma 19 456,20 EUR<\/span><\/p>\n<p><span style=\"font-size: 14pt; font-family: arial, helvetica, sans-serif;\">1.3 omafinantseering 12 970,80 EUR<\/span><\/p>\n<p><span style=\"font-size: 14pt; font-family: arial, helvetica, sans-serif;\">1.4 tarnija Baltic Master O\u00dc<\/span><\/p>\n<p><span style=\"font-size: 14pt; font-family: arial, helvetica, sans-serif;\">Projekti eesm\u00e4rk: uuendatud k\u00f6\u00f6gi- ja baariseadmed.<\/span><\/p>\n<p><span style=\"font-size: 14pt; font-family: arial, helvetica, sans-serif;\">Projekti elluviimise tulemus: uued seadmed v\u00f5imaldavad laiendada men\u00fc\u00fcd ja v\u00f5tta kasutusele uusi retsepte, pakkuda erinevaid desserte, lihtsustavad ja teevad efektiivsemaks kokkade t\u00f6\u00f6.<\/span><\/p>\n","protected":false},"excerpt":{"rendered":"<p>2018-2022 ellu viidud Leader\u00a0 projekt Projekti nimi: Kohviku Lemmik disaini  [&#8230;]<\/p>\n","protected":false},"author":2,"featured_media":0,"parent":0,"menu_order":0,"comment_status":"closed","ping_status":"closed","template":"","meta":{"rs_blank_template":"","rs_page_bg_color":"","slide_template_v7":"","ngg_post_thumbnail":0,"footnotes":""},"class_list":["post-16","page","type-page","status-publish","hentry"],"translation":{"provider":"WPGlobus","version":"3.0.2","language":"et","enabled_languages":["ru","et"],"languages":{"ru":{"title":true,"content":true,"excerpt":false},"et":{"title":true,"content":true,"excerpt":false}}},"yoast_head":"<!-- This site is optimized with the Yoast SEO plugin v27.6 - https:\/\/yoast.com\/product\/yoast-seo-wordpress\/ -->\n<title>Projektid - Restoran Lemmik<\/title>\n<meta name=\"robots\" content=\"index, follow, max-snippet:-1, max-image-preview:large, max-video-preview:-1\" \/>\n<link rel=\"canonical\" href=\"https:\/\/kohviklemmik.ee\/projekt\/\" \/>\n<meta property=\"og:locale\" content=\"en_US\" \/>\n<meta property=\"og:type\" content=\"article\" \/>\n<meta property=\"og:title\" content=\"Projektid - Restoran Lemmik\" \/>\n<meta property=\"og:url\" content=\"https:\/\/kohviklemmik.ee\/projekt\/\" \/>\n<meta property=\"og:site_name\" content=\"Restoran Lemmik\" \/>\n<meta property=\"article:publisher\" content=\"https:\/\/www.facebook.com\/KafeLemmik\/?ref=br_rs\" \/>\n<meta property=\"article:modified_time\" content=\"2024-06-09T09:25:03+00:00\" \/>\n<meta property=\"og:image\" content=\"https:\/\/kohviklemmik.ee\/wp-content\/uploads\/2024\/06\/leader-3829631476-1024x370.jpg\" \/>\n<meta name=\"twitter:card\" content=\"summary_large_image\" \/>\n<meta name=\"twitter:label1\" content=\"Est. reading time\" \/>\n\t<meta name=\"twitter:data1\" content=\"3 minutes\" \/>\n<script type=\"application\/ld+json\" class=\"yoast-schema-graph\">{\"@context\":\"https:\\\/\\\/schema.org\",\"@graph\":[{\"@type\":\"WebPage\",\"@id\":\"https:\\\/\\\/kohviklemmik.ee\\\/projekt\\\/\",\"url\":\"https:\\\/\\\/kohviklemmik.ee\\\/projekt\\\/\",\"name\":\"Projektid - Restoran Lemmik\",\"isPartOf\":{\"@id\":\"https:\\\/\\\/kohviklemmik.ee\\\/#website\"},\"primaryImageOfPage\":{\"@id\":\"https:\\\/\\\/kohviklemmik.ee\\\/projekt\\\/#primaryimage\"},\"image\":{\"@id\":\"https:\\\/\\\/kohviklemmik.ee\\\/projekt\\\/#primaryimage\"},\"thumbnailUrl\":\"https:\\\/\\\/kohviklemmik.ee\\\/wp-content\\\/uploads\\\/2024\\\/06\\\/leader-3829631476-1024x370.jpg\",\"datePublished\":\"2024-06-06T18:34:01+00:00\",\"dateModified\":\"2024-06-09T09:25:03+00:00\",\"breadcrumb\":{\"@id\":\"https:\\\/\\\/kohviklemmik.ee\\\/projekt\\\/#breadcrumb\"},\"inLanguage\":\"et-EE\",\"potentialAction\":[{\"@type\":\"ReadAction\",\"target\":[\"https:\\\/\\\/kohviklemmik.ee\\\/projekt\\\/\"]}]},{\"@type\":\"ImageObject\",\"inLanguage\":\"et-EE\",\"@id\":\"https:\\\/\\\/kohviklemmik.ee\\\/projekt\\\/#primaryimage\",\"url\":\"https:\\\/\\\/kohviklemmik.ee\\\/wp-content\\\/uploads\\\/2024\\\/06\\\/leader-3829631476-1024x370.jpg\",\"contentUrl\":\"https:\\\/\\\/kohviklemmik.ee\\\/wp-content\\\/uploads\\\/2024\\\/06\\\/leader-3829631476-1024x370.jpg\"},{\"@type\":\"BreadcrumbList\",\"@id\":\"https:\\\/\\\/kohviklemmik.ee\\\/projekt\\\/#breadcrumb\",\"itemListElement\":[{\"@type\":\"ListItem\",\"position\":1,\"name\":\"\u0413\u043b\u0430\u0432\u043d\u0430\u044f \u0441\u0442\u0440\u0430\u043d\u0438\u0446\u0430\",\"item\":\"https:\\\/\\\/kohviklemmik.ee\\\/\"},{\"@type\":\"ListItem\",\"position\":2,\"name\":\"\u041f\u0440\u043e\u044d\u043a\u0442\u044b\"}]},{\"@type\":\"WebSite\",\"@id\":\"https:\\\/\\\/kohviklemmik.ee\\\/#website\",\"url\":\"https:\\\/\\\/kohviklemmik.ee\\\/\",\"name\":\"{:ru}Restoran Lemmik{:}{:et}Restoran Lemmik{:}\",\"description\":\"Restoran Lemmik\",\"alternateName\":\"Kohvik Lemmik\",\"potentialAction\":[{\"@type\":\"SearchAction\",\"target\":{\"@type\":\"EntryPoint\",\"urlTemplate\":\"https:\\\/\\\/kohviklemmik.ee\\\/?s={search_term_string}\"},\"query-input\":{\"@type\":\"PropertyValueSpecification\",\"valueRequired\":true,\"valueName\":\"search_term_string\"}}],\"inLanguage\":\"et-EE\"}]}<\/script>\n<!-- \/ Yoast SEO plugin. -->","yoast_head_json":{"title":"Projektid - Restoran Lemmik","robots":{"index":"index","follow":"follow","max-snippet":"max-snippet:-1","max-image-preview":"max-image-preview:large","max-video-preview":"max-video-preview:-1"},"canonical":"https:\/\/kohviklemmik.ee\/projekt\/","og_locale":"en_US","og_type":"article","og_title":"Projektid - Restoran Lemmik","og_url":"https:\/\/kohviklemmik.ee\/projekt\/","og_site_name":"Restoran Lemmik","article_publisher":"https:\/\/www.facebook.com\/KafeLemmik\/?ref=br_rs","article_modified_time":"2024-06-09T09:25:03+00:00","og_image":[{"url":"https:\/\/kohviklemmik.ee\/wp-content\/uploads\/2024\/06\/leader-3829631476-1024x370.jpg","type":"","width":"","height":""}],"twitter_card":"summary_large_image","twitter_misc":{"Est. reading time":"3 minutes"},"schema":{"@context":"https:\/\/schema.org","@graph":[{"@type":"WebPage","@id":"https:\/\/kohviklemmik.ee\/projekt\/","url":"https:\/\/kohviklemmik.ee\/projekt\/","name":"Projektid - Restoran Lemmik","isPartOf":{"@id":"https:\/\/kohviklemmik.ee\/#website"},"primaryImageOfPage":{"@id":"https:\/\/kohviklemmik.ee\/projekt\/#primaryimage"},"image":{"@id":"https:\/\/kohviklemmik.ee\/projekt\/#primaryimage"},"thumbnailUrl":"https:\/\/kohviklemmik.ee\/wp-content\/uploads\/2024\/06\/leader-3829631476-1024x370.jpg","datePublished":"2024-06-06T18:34:01+00:00","dateModified":"2024-06-09T09:25:03+00:00","breadcrumb":{"@id":"https:\/\/kohviklemmik.ee\/projekt\/#breadcrumb"},"inLanguage":"et-EE","potentialAction":[{"@type":"ReadAction","target":["https:\/\/kohviklemmik.ee\/projekt\/"]}]},{"@type":"ImageObject","inLanguage":"et-EE","@id":"https:\/\/kohviklemmik.ee\/projekt\/#primaryimage","url":"https:\/\/kohviklemmik.ee\/wp-content\/uploads\/2024\/06\/leader-3829631476-1024x370.jpg","contentUrl":"https:\/\/kohviklemmik.ee\/wp-content\/uploads\/2024\/06\/leader-3829631476-1024x370.jpg"},{"@type":"BreadcrumbList","@id":"https:\/\/kohviklemmik.ee\/projekt\/#breadcrumb","itemListElement":[{"@type":"ListItem","position":1,"name":"\u0413\u043b\u0430\u0432\u043d\u0430\u044f \u0441\u0442\u0440\u0430\u043d\u0438\u0446\u0430","item":"https:\/\/kohviklemmik.ee\/"},{"@type":"ListItem","position":2,"name":"\u041f\u0440\u043e\u044d\u043a\u0442\u044b"}]},{"@type":"WebSite","@id":"https:\/\/kohviklemmik.ee\/#website","url":"https:\/\/kohviklemmik.ee\/","name":"{:ru}Restoran Lemmik{:}{:et}Restoran Lemmik{:}","description":"Restoran Lemmik","alternateName":"Kohvik Lemmik","potentialAction":[{"@type":"SearchAction","target":{"@type":"EntryPoint","urlTemplate":"https:\/\/kohviklemmik.ee\/?s={search_term_string}"},"query-input":{"@type":"PropertyValueSpecification","valueRequired":true,"valueName":"search_term_string"}}],"inLanguage":"et-EE"}]}},"_links":{"self":[{"href":"https:\/\/kohviklemmik.ee\/et\/wp-json\/wp\/v2\/pages\/16","targetHints":{"allow":["GET"]}}],"collection":[{"href":"https:\/\/kohviklemmik.ee\/et\/wp-json\/wp\/v2\/pages"}],"about":[{"href":"https:\/\/kohviklemmik.ee\/et\/wp-json\/wp\/v2\/types\/page"}],"author":[{"embeddable":true,"href":"https:\/\/kohviklemmik.ee\/et\/wp-json\/wp\/v2\/users\/2"}],"replies":[{"embeddable":true,"href":"https:\/\/kohviklemmik.ee\/et\/wp-json\/wp\/v2\/comments?post=16"}],"version-history":[{"count":10,"href":"https:\/\/kohviklemmik.ee\/et\/wp-json\/wp\/v2\/pages\/16\/revisions"}],"predecessor-version":[{"id":131,"href":"https:\/\/kohviklemmik.ee\/et\/wp-json\/wp\/v2\/pages\/16\/revisions\/131"}],"wp:attachment":[{"href":"https:\/\/kohviklemmik.ee\/et\/wp-json\/wp\/v2\/media?parent=16"}],"curies":[{"name":"wp","href":"https:\/\/api.w.org\/{rel}","templated":true}]}}