{"id":9,"date":"2024-06-02T18:31:24","date_gmt":"2024-06-02T18:31:24","guid":{"rendered":"https:\/\/kohviklemmik.ee\/?page_id=9"},"modified":"2024-06-11T19:22:52","modified_gmt":"2024-06-11T19:22:52","slug":"restoran-lemmik","status":"publish","type":"page","link":"https:\/\/kohviklemmik.ee\/et\/","title":{"rendered":"Meist"},"content":{"rendered":"<p style=\"text-align: justify;\"><span style=\"font-size: 14pt;\"><img decoding=\"async\" class=\"size-medium wp-image-21 alignleft\" src=\"https:\/\/kohviklemmik.ee\/wp-content\/uploads\/2024\/06\/d-r-valera-60-udr-217-768x1000-1-230x300.jpg\" alt=\"\" width=\"230\" height=\"300\" srcset=\"https:\/\/kohviklemmik.ee\/wp-content\/uploads\/2024\/06\/d-r-valera-60-udr-217-768x1000-1-200x260.jpg 200w, https:\/\/kohviklemmik.ee\/wp-content\/uploads\/2024\/06\/d-r-valera-60-udr-217-768x1000-1-230x300.jpg 230w, https:\/\/kohviklemmik.ee\/wp-content\/uploads\/2024\/06\/d-r-valera-60-udr-217-768x1000-1-400x521.jpg 400w, https:\/\/kohviklemmik.ee\/wp-content\/uploads\/2024\/06\/d-r-valera-60-udr-217-768x1000-1-600x781.jpg 600w, https:\/\/kohviklemmik.ee\/wp-content\/uploads\/2024\/06\/d-r-valera-60-udr-217-768x1000-1.jpg 768w\" sizes=\"(max-width: 230px) 100vw, 230px\" \/>Lugupeetud daamid ja h\u00e4rrad! Meil on hea meel tervitada teid kohviku \u201cLemmik\u201d saidil. Kohvikus \u201cLemmik\u201d on uksed k\u00fclalistele alati valla. Teid ootavad banketisaal ning avatud veranda. Me organiseerime Teie \u00fcritused alati k\u00f5rgel tasemel. Peale maitsvate roogade jookide valikuk\u00fclluse v\u00f5ib saal Teie soovil olla kaunistatud lillede, \u00f5hupalide ja vanikutega ning k\u00fclalistele saab osaks huvitav \u0161houprogramm. Kohvik \u201clemmik\u201d hea meele ja vene k\u00fclalislahkusega kutsub teid\u00a0 maitsma firmaroogi. Meie kokkade meisterlikus lubab Teil nautida iga roa head maitset ja v\u00e4ljan\u00e4gemist. Kuumade grilllihaja grillkabaroogade, garniiride, jookide ning dessertide k\u00fcllus rahuldab ka k\u00f5ige peenemate gurmaanide soove! Teie soovil me organiseerime r\u00f5\u00f5muga meelelahutusprogrammi, et Te saaksite nautida nii maitsevaid roogi kui ka toredat etteasset. Juhul kui tre soovite l\u00f5butseda veidi tagasihoidlikumalt on Teie k\u00e4sutuses alati elav muusika. Te otsite banketissali pulmade,- juubilite,-\u00a0 korporatiivide korraldamiseks \u2013 peatage oma valik meie banketisaalil ning teie pidu saab olema unustamatu!\u00a0Pulmade bankettide, koosviibimiste, konverentside ning muude pidulike \u00fcrituste korraldamiseks pakume me Teile rentida bankeetisaal, milles v\u00f5ivad end mugavalt mahutada kuni 70 inimest! <img decoding=\"async\" class=\"size-medium wp-image-74 alignright\" src=\"https:\/\/kohviklemmik.ee\/wp-content\/uploads\/2024\/06\/imgp0863-256x300.jpg\" alt=\"\" width=\"256\" height=\"300\" srcset=\"https:\/\/kohviklemmik.ee\/wp-content\/uploads\/2024\/06\/imgp0863-200x235.jpg 200w, https:\/\/kohviklemmik.ee\/wp-content\/uploads\/2024\/06\/imgp0863-256x300.jpg 256w, https:\/\/kohviklemmik.ee\/wp-content\/uploads\/2024\/06\/imgp0863-400x469.jpg 400w, https:\/\/kohviklemmik.ee\/wp-content\/uploads\/2024\/06\/imgp0863-600x704.jpg 600w, https:\/\/kohviklemmik.ee\/wp-content\/uploads\/2024\/06\/imgp0863.jpg 768w\" sizes=\"(max-width: 256px) 100vw, 256px\" \/>Teile saab pakutud banketimen\u00fc\u00fc, mis aitab Teil ja Teie k\u00fclalistel nautida maitsvaid h\u00f5rgutisi. Te pole veel valinud kohta pulmapeoks? Peatades oma valiku kohvikul \u201cLemmik\u201d , saate te kohe aru et see on \u00f5ige ! Pulmapidu kohviku \u201cLemmik\u201d. Mis v\u00f5ib olla kaunim ja romantilisem . V\u00e4rske, puhas \u00f5hk, \u00f5rn linnulaul, p\u00e4ikesevarju m\u00e4hitud suurised veranded ning kohviku \u201cLemmik\u201d banketisaal ideaalselt r\u00f5hutavad Teie k\u00f5ige v\u00f5luvamat p\u00e4eva \u2013 pulmapidu. Suviti h\u00f5\u00f5guv kummu viib m\u00f5ted vilule ja tekib soov tunda v\u00e4rskendust. Selleks me pakume Teile veeta aega kohviku \u201cLemmik\u201d verandal, tellides maitsvaimad road. Helistage meile ning me organiseerime Teile kindlasti unustamatu peo.<\/span><\/p>\n<p style=\"text-align: justify;\"><span style=\"font-size: 14pt;\">Andake oma puhkehetkele looduse maitse! Puhake linnasaginast kohvikus \u201cLemmk\u201d ning me teeme teie puhkeaja unustamatuks.<\/span><\/p>\n<p style=\"text-align: justify;\"><span style=\"font-size: 14pt;\">Hellutage end tulge kohvikusse \u201cLemmik\u201d koos oma s\u00f5pradega<\/span><\/p>\n","protected":false},"excerpt":{"rendered":"<p>Lugupeetud daamid ja h\u00e4rrad! Meil on hea meel tervitada teid  [&#8230;]<\/p>\n","protected":false},"author":2,"featured_media":0,"parent":0,"menu_order":0,"comment_status":"closed","ping_status":"closed","template":"","meta":{"rs_blank_template":"","rs_page_bg_color":"","slide_template_v7":"","ngg_post_thumbnail":0,"footnotes":""},"class_list":["post-9","page","type-page","status-publish","hentry"],"translation":{"provider":"WPGlobus","version":"3.0.2","language":"et","enabled_languages":["ru","et"],"languages":{"ru":{"title":true,"content":true,"excerpt":false},"et":{"title":true,"content":true,"excerpt":false}}},"yoast_head":"<!-- This site is optimized with the Yoast SEO plugin v27.6 - https:\/\/yoast.com\/product\/yoast-seo-wordpress\/ -->\n<title>Meist - Restoran Lemmik<\/title>\n<meta name=\"robots\" content=\"index, follow, max-snippet:-1, max-image-preview:large, max-video-preview:-1\" \/>\n<link rel=\"canonical\" href=\"https:\/\/kohviklemmik.ee\/\" \/>\n<meta property=\"og:locale\" content=\"en_US\" \/>\n<meta property=\"og:type\" content=\"article\" \/>\n<meta property=\"og:title\" content=\"Meist - Restoran Lemmik\" \/>\n<meta property=\"og:url\" content=\"https:\/\/kohviklemmik.ee\/\" \/>\n<meta property=\"og:site_name\" content=\"Restoran Lemmik\" \/>\n<meta property=\"article:publisher\" content=\"https:\/\/www.facebook.com\/KafeLemmik\/?ref=br_rs\" \/>\n<meta property=\"article:modified_time\" content=\"2024-06-11T19:22:52+00:00\" \/>\n<meta property=\"og:image\" content=\"https:\/\/kohviklemmik.ee\/wp-content\/uploads\/2024\/06\/d-r-valera-60-udr-217-768x1000-1-230x300.jpg\" \/>\n<meta name=\"twitter:card\" content=\"summary_large_image\" \/>\n<meta name=\"twitter:label1\" content=\"Est. reading time\" \/>\n\t<meta name=\"twitter:data1\" content=\"3 minutes\" \/>\n<script type=\"application\/ld+json\" class=\"yoast-schema-graph\">{\"@context\":\"https:\\\/\\\/schema.org\",\"@graph\":[{\"@type\":\"WebPage\",\"@id\":\"https:\\\/\\\/kohviklemmik.ee\\\/\",\"url\":\"https:\\\/\\\/kohviklemmik.ee\\\/\",\"name\":\"Meist - Restoran Lemmik\",\"isPartOf\":{\"@id\":\"https:\\\/\\\/kohviklemmik.ee\\\/#website\"},\"primaryImageOfPage\":{\"@id\":\"https:\\\/\\\/kohviklemmik.ee\\\/#primaryimage\"},\"image\":{\"@id\":\"https:\\\/\\\/kohviklemmik.ee\\\/#primaryimage\"},\"thumbnailUrl\":\"https:\\\/\\\/kohviklemmik.ee\\\/wp-content\\\/uploads\\\/2024\\\/06\\\/d-r-valera-60-udr-217-768x1000-1-230x300.jpg\",\"datePublished\":\"2024-06-02T18:31:24+00:00\",\"dateModified\":\"2024-06-11T19:22:52+00:00\",\"description\":\"\u0414\u043b\u044f \u043e\u0440\u0433\u0430\u043d\u0438\u0437\u0430\u0446\u0438\u0438 \u0441\u0432\u0430\u0434\u0435\u0431, \u0431\u0430\u043d\u043a\u0435\u0442\u043e\u0432, \u0432\u0435\u0447\u0435\u0440\u0438\u043d\u043e\u043a, \u043a\u043e\u043d\u0444\u0435\u0440\u0435\u043d\u0446\u0438\u0439 \u0438 \u0434\u0440\u0443\u0433\u0438\u0445 \u043f\u0440\u0430\u0437\u0434\u043d\u0438\u0447\u043d\u044b\u0445 \u043c\u0435\u0440\u043e\u043f\u0440\u0438\u044f\u0442\u0438\u0439 \u043c\u044b \u043f\u0440\u0435\u0434\u043b\u0430\u0433\u0430\u0435\u043c \u0412\u0430\u043c \u0432\u043e\u0441\u043f\u043e\u043b\u044c\u0437\u043e\u0432\u0430\u0442\u044c\u0441\u044f \u0430\u0440\u0435\u043d\u0434\u043e\u0439 \u0431\u0430\u043d\u043a\u0435\u0442\u043d\u043e\u0433\u043e \u0437\u0430\u043b\u0430, \u0433\u0434\u0435 \u043c\u043e\u0433\u0443\u0442 \u0441 \u043a\u043e\u043c\u0444\u043e\u0440\u0442\u043e\u043c \u0440\u0430\u0441\u043f\u043e\u043b\u043e\u0436\u0438\u0442\u044c\u0441\u044f \u0434\u043e 70 \u0447\u0435\u043b\u043e\u0432\u0435\u043a \u043c\u044b \u0441\u0434\u0435\u043b\u0430\u0435\u043c \u0412\u0430\u0448 \u043e\u0442\u0434\u044b\u0445 \u043d\u0435\u0437\u0430\u0431\u044b\u0432\u0430\u0435\u043c\u044b\u043c!\",\"breadcrumb\":{\"@id\":\"https:\\\/\\\/kohviklemmik.ee\\\/#breadcrumb\"},\"inLanguage\":\"et-EE\",\"potentialAction\":[{\"@type\":\"ReadAction\",\"target\":[\"https:\\\/\\\/kohviklemmik.ee\\\/\"]}]},{\"@type\":\"ImageObject\",\"inLanguage\":\"et-EE\",\"@id\":\"https:\\\/\\\/kohviklemmik.ee\\\/#primaryimage\",\"url\":\"https:\\\/\\\/kohviklemmik.ee\\\/wp-content\\\/uploads\\\/2024\\\/06\\\/d-r-valera-60-udr-217-768x1000-1-230x300.jpg\",\"contentUrl\":\"https:\\\/\\\/kohviklemmik.ee\\\/wp-content\\\/uploads\\\/2024\\\/06\\\/d-r-valera-60-udr-217-768x1000-1-230x300.jpg\"},{\"@type\":\"BreadcrumbList\",\"@id\":\"https:\\\/\\\/kohviklemmik.ee\\\/#breadcrumb\",\"itemListElement\":[{\"@type\":\"ListItem\",\"position\":1,\"name\":\"\u0413\u043b\u0430\u0432\u043d\u0430\u044f \u0441\u0442\u0440\u0430\u043d\u0438\u0446\u0430\",\"item\":\"https:\\\/\\\/kohviklemmik.ee\\\/\"},{\"@type\":\"ListItem\",\"position\":2,\"name\":\"\u041e \u043d\u0430\u0441\"}]},{\"@type\":\"WebSite\",\"@id\":\"https:\\\/\\\/kohviklemmik.ee\\\/#website\",\"url\":\"https:\\\/\\\/kohviklemmik.ee\\\/\",\"name\":\"{:ru}Restoran Lemmik{:}{:et}Restoran Lemmik{:}\",\"description\":\"Restoran Lemmik\",\"alternateName\":\"Kohvik Lemmik\",\"potentialAction\":[{\"@type\":\"SearchAction\",\"target\":{\"@type\":\"EntryPoint\",\"urlTemplate\":\"https:\\\/\\\/kohviklemmik.ee\\\/?s={search_term_string}\"},\"query-input\":{\"@type\":\"PropertyValueSpecification\",\"valueRequired\":true,\"valueName\":\"search_term_string\"}}],\"inLanguage\":\"et-EE\"}]}<\/script>\n<!-- \/ Yoast SEO plugin. -->","yoast_head_json":{"title":"Meist - Restoran Lemmik","robots":{"index":"index","follow":"follow","max-snippet":"max-snippet:-1","max-image-preview":"max-image-preview:large","max-video-preview":"max-video-preview:-1"},"canonical":"https:\/\/kohviklemmik.ee\/","og_locale":"en_US","og_type":"article","og_title":"Meist - Restoran Lemmik","og_url":"https:\/\/kohviklemmik.ee\/","og_site_name":"Restoran Lemmik","article_publisher":"https:\/\/www.facebook.com\/KafeLemmik\/?ref=br_rs","article_modified_time":"2024-06-11T19:22:52+00:00","og_image":[{"url":"https:\/\/kohviklemmik.ee\/wp-content\/uploads\/2024\/06\/d-r-valera-60-udr-217-768x1000-1-230x300.jpg","type":"","width":"","height":""}],"twitter_card":"summary_large_image","twitter_misc":{"Est. reading time":"3 minutes"},"schema":{"@context":"https:\/\/schema.org","@graph":[{"@type":"WebPage","@id":"https:\/\/kohviklemmik.ee\/","url":"https:\/\/kohviklemmik.ee\/","name":"Meist - Restoran Lemmik","isPartOf":{"@id":"https:\/\/kohviklemmik.ee\/#website"},"primaryImageOfPage":{"@id":"https:\/\/kohviklemmik.ee\/#primaryimage"},"image":{"@id":"https:\/\/kohviklemmik.ee\/#primaryimage"},"thumbnailUrl":"https:\/\/kohviklemmik.ee\/wp-content\/uploads\/2024\/06\/d-r-valera-60-udr-217-768x1000-1-230x300.jpg","datePublished":"2024-06-02T18:31:24+00:00","dateModified":"2024-06-11T19:22:52+00:00","description":"\u0414\u043b\u044f \u043e\u0440\u0433\u0430\u043d\u0438\u0437\u0430\u0446\u0438\u0438 \u0441\u0432\u0430\u0434\u0435\u0431, \u0431\u0430\u043d\u043a\u0435\u0442\u043e\u0432, \u0432\u0435\u0447\u0435\u0440\u0438\u043d\u043e\u043a, \u043a\u043e\u043d\u0444\u0435\u0440\u0435\u043d\u0446\u0438\u0439 \u0438 \u0434\u0440\u0443\u0433\u0438\u0445 \u043f\u0440\u0430\u0437\u0434\u043d\u0438\u0447\u043d\u044b\u0445 \u043c\u0435\u0440\u043e\u043f\u0440\u0438\u044f\u0442\u0438\u0439 \u043c\u044b \u043f\u0440\u0435\u0434\u043b\u0430\u0433\u0430\u0435\u043c \u0412\u0430\u043c \u0432\u043e\u0441\u043f\u043e\u043b\u044c\u0437\u043e\u0432\u0430\u0442\u044c\u0441\u044f \u0430\u0440\u0435\u043d\u0434\u043e\u0439 \u0431\u0430\u043d\u043a\u0435\u0442\u043d\u043e\u0433\u043e \u0437\u0430\u043b\u0430, \u0433\u0434\u0435 \u043c\u043e\u0433\u0443\u0442 \u0441 \u043a\u043e\u043c\u0444\u043e\u0440\u0442\u043e\u043c \u0440\u0430\u0441\u043f\u043e\u043b\u043e\u0436\u0438\u0442\u044c\u0441\u044f \u0434\u043e 70 \u0447\u0435\u043b\u043e\u0432\u0435\u043a \u043c\u044b \u0441\u0434\u0435\u043b\u0430\u0435\u043c \u0412\u0430\u0448 \u043e\u0442\u0434\u044b\u0445 \u043d\u0435\u0437\u0430\u0431\u044b\u0432\u0430\u0435\u043c\u044b\u043c!","breadcrumb":{"@id":"https:\/\/kohviklemmik.ee\/#breadcrumb"},"inLanguage":"et-EE","potentialAction":[{"@type":"ReadAction","target":["https:\/\/kohviklemmik.ee\/"]}]},{"@type":"ImageObject","inLanguage":"et-EE","@id":"https:\/\/kohviklemmik.ee\/#primaryimage","url":"https:\/\/kohviklemmik.ee\/wp-content\/uploads\/2024\/06\/d-r-valera-60-udr-217-768x1000-1-230x300.jpg","contentUrl":"https:\/\/kohviklemmik.ee\/wp-content\/uploads\/2024\/06\/d-r-valera-60-udr-217-768x1000-1-230x300.jpg"},{"@type":"BreadcrumbList","@id":"https:\/\/kohviklemmik.ee\/#breadcrumb","itemListElement":[{"@type":"ListItem","position":1,"name":"\u0413\u043b\u0430\u0432\u043d\u0430\u044f \u0441\u0442\u0440\u0430\u043d\u0438\u0446\u0430","item":"https:\/\/kohviklemmik.ee\/"},{"@type":"ListItem","position":2,"name":"\u041e \u043d\u0430\u0441"}]},{"@type":"WebSite","@id":"https:\/\/kohviklemmik.ee\/#website","url":"https:\/\/kohviklemmik.ee\/","name":"{:ru}Restoran Lemmik{:}{:et}Restoran Lemmik{:}","description":"Restoran Lemmik","alternateName":"Kohvik Lemmik","potentialAction":[{"@type":"SearchAction","target":{"@type":"EntryPoint","urlTemplate":"https:\/\/kohviklemmik.ee\/?s={search_term_string}"},"query-input":{"@type":"PropertyValueSpecification","valueRequired":true,"valueName":"search_term_string"}}],"inLanguage":"et-EE"}]}},"_links":{"self":[{"href":"https:\/\/kohviklemmik.ee\/et\/wp-json\/wp\/v2\/pages\/9","targetHints":{"allow":["GET"]}}],"collection":[{"href":"https:\/\/kohviklemmik.ee\/et\/wp-json\/wp\/v2\/pages"}],"about":[{"href":"https:\/\/kohviklemmik.ee\/et\/wp-json\/wp\/v2\/types\/page"}],"author":[{"embeddable":true,"href":"https:\/\/kohviklemmik.ee\/et\/wp-json\/wp\/v2\/users\/2"}],"replies":[{"embeddable":true,"href":"https:\/\/kohviklemmik.ee\/et\/wp-json\/wp\/v2\/comments?post=9"}],"version-history":[{"count":19,"href":"https:\/\/kohviklemmik.ee\/et\/wp-json\/wp\/v2\/pages\/9\/revisions"}],"predecessor-version":[{"id":235,"href":"https:\/\/kohviklemmik.ee\/et\/wp-json\/wp\/v2\/pages\/9\/revisions\/235"}],"wp:attachment":[{"href":"https:\/\/kohviklemmik.ee\/et\/wp-json\/wp\/v2\/media?parent=9"}],"curies":[{"name":"wp","href":"https:\/\/api.w.org\/{rel}","templated":true}]}}